{"id":120,"date":"2020-08-20T10:02:57","date_gmt":"2020-08-20T10:02:57","guid":{"rendered":"https:\/\/ingenieriaysolucionesmx.com\/contact-us\/"},"modified":"2023-10-20T06:54:52","modified_gmt":"2023-10-20T06:54:52","slug":"contact-us","status":"publish","type":"page","link":"https:\/\/ingenieriaysolucionesmx.com\/en\/contact-us\/","title":{"rendered":"Contacto"},"content":{"rendered":"\n<div class=\"wp-block-uagb-container uagb-block-4e0f6ee9 alignfull uagb-is-root-container\"><div class=\"uagb-container-inner-blocks-wrap\">\n<div data-aos= \"zoom-in\" data-aos-duration=\"400\" data-aos-delay=\"0\" data-aos-easing=\"ease\" data-aos-once=\"true\" class=\"wp-block-uagb-advanced-heading uagb-block-6a0986a2\"><h1 class=\"uagb-heading-text\">ACERCA DE NOSOTROS<\/h1><\/div>\n<\/div><\/div>\n\n\n\n<div class=\"wp-block-uagb-container uagb-block-fccfb95f alignfull uagb-is-root-container\"><div class=\"uagb-container-inner-blocks-wrap\">\n<p class=\"has-text-align-justify .texto-destacado { text-align: justify; \/* Justifica el texto *\/ font-size: 14px; Tama\u00f1o de letra 14px color: #333; Color oscuro (puedes ajustar valor del color seg\u00fan tus preferencias) text-shadow: 1px 2px rgba(0, 0, 0.5); Sombra con desplazamiento horizontal y vertical, opacidad } has-ast-global-color-6-color has-text-color\" style=\"padding-top:var(--wp--preset--spacing--20);padding-right:var(--wp--preset--spacing--40);padding-bottom:var(--wp--preset--spacing--20);padding-left:var(--wp--preset--spacing--40);font-size:25px;line-height:1.8\"><strong>Somos una empresa 100% mexicana dedicada a brindar soluciones integrales a la medida de sus necesidades dentro del \u00e1mbito de Tecnolog\u00edas de la Informaci\u00f3n y Seguridad Electr\u00f3nica, garantizando un servicio honesto, eficaz y de vanguardia. <\/strong><\/p>\n\n\n\n<p class=\"has-text-align-justify \/* Estilos para el p\u00e1rrafo con la clase &quot;texto-destacado&quot; *\/ .texto-destacado { text-align: justify; Justifica texto font-size: 14px; Tama\u00f1o de letra 14px color: #333; Color oscuro (puedes ajustar valor del color seg\u00fan tus preferencias) text-shadow: 1px 2px rgba(0, 0, 0.5); Sombra desplazamiento horizontal y vertical, opacidad padding-top: var(--wp--preset--spacing--50); padding-right: var(--wp--preset--spacing--80); padding-bottom: padding-left: 23px; line-height: 1.6; } has-ast-global-color-6-color has-text-color\" style=\"padding-top:var(--wp--preset--spacing--20);padding-right:var(--wp--preset--spacing--40);padding-bottom:var(--wp--preset--spacing--20);padding-left:var(--wp--preset--spacing--40);font-size:25px;line-height:1.8\"><strong>En Ingenier\u00eda y Soluciones estamos enfocados en ayudar a nuestros clientes a mejorar y\/o implementar soluciones tecnol\u00f3gicas de primer nivel, brindando la mejor calidad en cada uno de nuestros servicios. Para nosotros lo m\u00e1s importante es la satisfacci\u00f3n de cada uno de nuestros clientes, es por eso que constantemente estamos actualizando nuestros servicios para estar al d\u00eda con los desarrollos tecnol\u00f3gicos y vanguardistas.<\/strong><\/p>\n<\/div><\/div>\n\n\n\n<div class=\"wp-block-uagb-container uagb-block-bea2cf47 alignfull uagb-is-root-container\"><div class=\"uagb-container-inner-blocks-wrap\">\n<div class=\"wp-block-uagb-container uagb-block-9288be80\">\n<div class=\"wp-block-uagb-advanced-heading uagb-block-9949d853\"><h3 class=\"uagb-heading-text\">Detalles de contacto<\/h3><\/div>\n\n\n\n<div class=\"wp-block-uagb-container uagb-block-15197508\">\n<div class=\"wp-block-uagb-info-box uagb-block-b8f21f5a uagb-infobox__content-wrap  uagb-infobox-icon-left uagb-infobox-left uagb-infobox-image-valign-top\"><div class=\"uagb-ifb-icon-wrap\"><svg xmlns=\"https:\/\/www.w3.org\/2000\/svg\" viewBox=\"0 0 576 512\"><path d=\"M408 120C408 174.6 334.9 271.9 302.8 311.1C295.1 321.6 280.9 321.6 273.2 311.1C241.1 271.9 168 174.6 168 120C168 53.73 221.7 0 288 0C354.3 0 408 53.73 408 120zM288 152C310.1 152 328 134.1 328 112C328 89.91 310.1 72 288 72C265.9 72 248 89.91 248 112C248 134.1 265.9 152 288 152zM425.6 179.8C426.1 178.6 426.6 177.4 427.1 176.1L543.1 129.7C558.9 123.4 576 135 576 152V422.8C576 432.6 570 441.4 560.9 445.1L416 503V200.4C419.5 193.5 422.7 186.7 425.6 179.8zM150.4 179.8C153.3 186.7 156.5 193.5 160 200.4V451.8L32.91 502.7C17.15 508.1 0 497.4 0 480.4V209.6C0 199.8 5.975 190.1 15.09 187.3L137.6 138.3C140 152.5 144.9 166.6 150.4 179.8H150.4zM327.8 331.1C341.7 314.6 363.5 286.3 384 255V504.3L192 449.4V255C212.5 286.3 234.3 314.6 248.2 331.1C268.7 357.6 307.3 357.6 327.8 331.1L327.8 331.1z\"><\/path><\/svg><\/div><div class=\"uagb-ifb-content\"><div class=\"uagb-ifb-title-wrap\"><h4 class=\"uagb-ifb-title\">Nuestra ubicaci\u00f3n<\/h4><\/div><p class=\"uagb-ifb-desc\">Atizap\u00e1n de Zaragoza, M\u00e9xico<\/p><\/div><\/div>\n\n\n\n<div class=\"wp-block-uagb-info-box uagb-block-0534ed93 uagb-infobox__content-wrap  uagb-infobox-icon-left uagb-infobox-left uagb-infobox-image-valign-top\"><div class=\"uagb-ifb-icon-wrap\"><svg xmlns=\"https:\/\/www.w3.org\/2000\/svg\" viewBox=\"0 0 512 512\"><path d=\"M464 64C490.5 64 512 85.49 512 112C512 127.1 504.9 141.3 492.8 150.4L275.2 313.6C263.8 322.1 248.2 322.1 236.8 313.6L19.2 150.4C7.113 141.3 0 127.1 0 112C0 85.49 21.49 64 48 64H464zM217.6 339.2C240.4 356.3 271.6 356.3 294.4 339.2L512 176V384C512 419.3 483.3 448 448 448H64C28.65 448 0 419.3 0 384V176L217.6 339.2z\"><\/path><\/svg><\/div><div class=\"uagb-ifb-content\"><div class=\"uagb-ifb-title-wrap\"><h4 class=\"uagb-ifb-title\">Nuestro correo electr\u00f3nico<\/h4><\/div><p class=\"uagb-ifb-desc\">ventas@ingenieriaysolucionesmx.com <\/p><\/div><\/div>\n<\/div>\n\n\n\n<div class=\"wp-block-uagb-info-box uagb-block-8150b524 uagb-infobox__content-wrap  uagb-infobox-icon-left uagb-infobox-left uagb-infobox-image-valign-top\"><div class=\"uagb-ifb-icon-wrap\"><svg xmlns=\"https:\/\/www.w3.org\/2000\/svg\" viewBox=\"0 0 512 512\"><path d=\"M18.92 351.2l108.5-46.52c12.78-5.531 27.77-1.801 36.45 8.98l44.09 53.82c69.25-34 125.5-90.31 159.5-159.5l-53.81-44.04c-10.75-8.781-14.41-23.69-8.974-36.47l46.51-108.5c6.094-13.91 21.1-21.52 35.79-18.11l100.8 23.25c14.25 3.25 24.22 15.8 24.22 30.46c0 252.3-205.2 457.5-457.5 457.5c-14.67 0-27.18-9.968-30.45-24.22l-23.25-100.8C-2.571 372.4 5.018 357.2 18.92 351.2z\"><\/path><\/svg><\/div><div class=\"uagb-ifb-content\"><div class=\"uagb-ifb-title-wrap\"><h4 class=\"uagb-ifb-title\">Ll\u00e1manos<\/h4><\/div><p class=\"uagb-ifb-desc\">+52 5514770062<\/p><div class=\"uagb-ifb-separator\"><\/div><\/div><\/div>\n\n\n\n<div class=\"wp-block-uagb-advanced-heading uagb-block-3b4a6dbd\"><h3 class=\"uagb-heading-text\">M\u00e1ndanos un mensaje<\/h3><\/div>\n\n\n<div class=\"wpforms-container wpforms-block wpforms-block-bdf21276-ec0a-4366-9a29-9e2b3a858066\" id=\"wpforms-1125\"><form id=\"wpforms-form-1125\" class=\"wpforms-validate wpforms-form\" data-formid=\"1125\" method=\"post\" enctype=\"multipart\/form-data\" action=\"\/en\/wp-json\/wp\/v2\/pages\/120\" data-token=\"74cd9d229daf661ef937eac7dfc82c6d\" data-token-time=\"1775738610\"><noscript class=\"wpforms-error-noscript\">Please enable JavaScript in your browser to complete this form.<\/noscript><div class=\"wpforms-field-container\"><div id=\"wpforms-1125-field_0-container\" class=\"wpforms-field wpforms-field-name\" data-field-id=\"0\"><label class=\"wpforms-field-label wpforms-label-hide\" for=\"wpforms-1125-field_0\">NOMBRE <span class=\"wpforms-required-label\">*<\/span><\/label><input type=\"text\" id=\"wpforms-1125-field_0\" class=\"wpforms-field-large wpforms-field-required\" name=\"wpforms[fields][0]\" placeholder=\"Name\" required><\/div><div id=\"wpforms-1125-field_1-container\" class=\"wpforms-field wpforms-field-email\" data-field-id=\"1\"><label class=\"wpforms-field-label wpforms-label-hide\" for=\"wpforms-1125-field_1\">Email <span class=\"wpforms-required-label\">*<\/span><\/label><input type=\"email\" id=\"wpforms-1125-field_1\" class=\"wpforms-field-large wpforms-field-required\" name=\"wpforms[fields][1]\" placeholder=\"Email\" spellcheck=\"false\" required><\/div><div id=\"wpforms-1125-field_4-container\" class=\"wpforms-field wpforms-field-text\" data-field-id=\"4\"><label class=\"wpforms-field-label wpforms-label-hide\" for=\"wpforms-1125-field_4\">ASUNTO <span class=\"wpforms-required-label\">*<\/span><\/label><input type=\"text\" id=\"wpforms-1125-field_4\" class=\"wpforms-field-large wpforms-field-required\" name=\"wpforms[fields][4]\" placeholder=\"ASUNTO\" required><\/div><div id=\"wpforms-1125-field_2-container\" class=\"wpforms-field wpforms-field-textarea\" data-field-id=\"2\"><label class=\"wpforms-field-label wpforms-label-hide\" for=\"wpforms-1125-field_2\">MENSAJE <span class=\"wpforms-required-label\">*<\/span><\/label><textarea id=\"wpforms-1125-field_2\" class=\"wpforms-field-medium wpforms-field-required\" name=\"wpforms[fields][2]\" placeholder=\"Message\" required><\/textarea><\/div><\/div><!-- .wpforms-field-container --><div class=\"wpforms-field wpforms-field-hp\"><label for=\"wpforms-1125-field-hp\" class=\"wpforms-field-label\">Name<\/label><input type=\"text\" name=\"wpforms[hp]\" id=\"wpforms-1125-field-hp\" class=\"wpforms-field-medium\"><\/div><div class=\"wpforms-submit-container\" ><input type=\"hidden\" name=\"wpforms[id]\" value=\"1125\"><input type=\"hidden\" name=\"page_title\" value=\"\"><input type=\"hidden\" name=\"page_url\" value=\"https:\/\/ingenieriaysolucionesmx.com\/en\/wp-json\/wp\/v2\/pages\/120\"><input type=\"hidden\" name=\"url_referer\" value=\"\"><button type=\"submit\" name=\"wpforms[submit]\" id=\"wpforms-submit-1125\" class=\"wpforms-submit\" data-alt-text=\"Sending...\" data-submit-text=\"Send Message\" aria-live=\"assertive\" value=\"wpforms-submit\">Send Message<\/button><\/div><\/form><\/div>  <!-- .wpforms-container --><\/div>\n\n\n\n<div class=\"wp-block-uagb-container uagb-block-41cd4c96\">\n<div class=\"wp-block-uagb-advanced-heading uagb-block-5ea11955\"><h3 class=\"uagb-heading-text\">Encu\u00e9ntranos<\/h3><\/div>\n\n\n\n<div class=\"wp-block-uagb-container uagb-block-f2486737\">\n<p><a href=\"https:\/\/www.facebook.com\/ingysolMX?mibextid=ZbWKwL\">https:\/\/www.facebook.com\/ingysolMX?mibextid=ZbWKwL<\/a><\/p>\n<\/div>\n<\/div>\n<\/div><\/div>\n","protected":false},"excerpt":{"rendered":"<p>ACERCA DE NOSOTROS Somos una empresa 100% mexicana dedicada a brindar soluciones integrales a la medida de sus necesidades dentro del \u00e1mbito de Tecnolog\u00edas de la Informaci\u00f3n y Seguridad Electr\u00f3nica, garantizando un servicio honesto, eficaz y de vanguardia. En Ingenier\u00eda y Soluciones estamos enfocados en ayudar a nuestros clientes a mejorar y\/o implementar soluciones tecnol\u00f3gicas &hellip;<\/p>\n<p class=\"read-more\"> <a class=\"\" href=\"https:\/\/ingenieriaysolucionesmx.com\/en\/contact-us\/\"> <span class=\"screen-reader-text\">Contacto<\/span> Read More &raquo;<\/a><\/p>","protected":false},"author":1,"featured_media":0,"parent":0,"menu_order":0,"comment_status":"closed","ping_status":"closed","template":"","meta":{"om_disable_all_campaigns":false,"_uag_custom_page_level_css":"","_monsterinsights_skip_tracking":false,"_monsterinsights_sitenote_active":false,"_monsterinsights_sitenote_note":"","_monsterinsights_sitenote_category":0,"site-sidebar-layout":"default","site-content-layout":"plain-container","ast-site-content-layout":"normal-width-container","site-content-style":"unboxed","site-sidebar-style":"unboxed","ast-global-header-display":"","ast-banner-title-visibility":"","ast-main-header-display":"","ast-hfb-above-header-display":"","ast-hfb-below-header-display":"","ast-hfb-mobile-header-display":"","site-post-title":"disabled","ast-breadcrumbs-content":"","ast-featured-img":"disabled","footer-sml-layout":"","theme-transparent-header-meta":"enabled","adv-header-id-meta":"","stick-header-meta":"","header-above-stick-meta":"","header-main-stick-meta":"","header-below-stick-meta":"","astra-migrate-meta-layouts":"set","ast-page-background-enabled":"default","ast-page-background-meta":{"desktop":{"background-color":"","background-image":"","background-repeat":"repeat","background-position":"center center","background-size":"auto","background-attachment":"scroll","background-type":"","background-media":"","overlay-type":"","overlay-color":"","overlay-gradient":""},"tablet":{"background-color":"","background-image":"","background-repeat":"repeat","background-position":"center center","background-size":"auto","background-attachment":"scroll","background-type":"","background-media":"","overlay-type":"","overlay-color":"","overlay-gradient":""},"mobile":{"background-color":"","background-image":"","background-repeat":"repeat","background-position":"center center","background-size":"auto","background-attachment":"scroll","background-type":"","background-media":"","overlay-type":"","overlay-color":"","overlay-gradient":""}},"ast-content-background-meta":{"desktop":{"background-color":"var(--ast-global-color-5)","background-image":"","background-repeat":"repeat","background-position":"center center","background-size":"auto","background-attachment":"scroll","background-type":"","background-media":"","overlay-type":"","overlay-color":"","overlay-gradient":""},"tablet":{"background-color":"var(--ast-global-color-5)","background-image":"","background-repeat":"repeat","background-position":"center center","background-size":"auto","background-attachment":"scroll","background-type":"","background-media":"","overlay-type":"","overlay-color":"","overlay-gradient":""},"mobile":{"background-color":"var(--ast-global-color-5)","background-image":"","background-repeat":"repeat","background-position":"center center","background-size":"auto","background-attachment":"scroll","background-type":"","background-media":"","overlay-type":"","overlay-color":"","overlay-gradient":""}},"footnotes":""},"class_list":["post-120","page","type-page","status-publish","hentry"],"aioseo_notices":[],"uagb_featured_image_src":{"full":false,"thumbnail":false,"medium":false,"medium_large":false,"large":false,"1536x1536":false,"2048x2048":false,"trp-custom-language-flag":false,"mailpoet_newsletter_max":false,"woocommerce_thumbnail":false,"woocommerce_single":false,"woocommerce_gallery_thumbnail":false,"dgwt-wcas-product-suggestion":false},"uagb_author_info":{"display_name":"OscarOnline","author_link":"https:\/\/ingenieriaysolucionesmx.com\/en\/author\/oscaronline\/"},"uagb_comment_info":0,"uagb_excerpt":"ACERCA DE NOSOTROS Somos una empresa 100% mexicana dedicada a brindar soluciones integrales a la medida de sus necesidades dentro del \u00e1mbito de Tecnolog\u00edas de la Informaci\u00f3n y Seguridad Electr\u00f3nica, garantizando un servicio honesto, eficaz y de vanguardia. En Ingenier\u00eda y Soluciones estamos enfocados en ayudar a nuestros clientes a mejorar y\/o implementar soluciones tecnol\u00f3gicas&hellip;","_links":{"self":[{"href":"https:\/\/ingenieriaysolucionesmx.com\/en\/wp-json\/wp\/v2\/pages\/120","targetHints":{"allow":["GET"]}}],"collection":[{"href":"https:\/\/ingenieriaysolucionesmx.com\/en\/wp-json\/wp\/v2\/pages"}],"about":[{"href":"https:\/\/ingenieriaysolucionesmx.com\/en\/wp-json\/wp\/v2\/types\/page"}],"author":[{"embeddable":true,"href":"https:\/\/ingenieriaysolucionesmx.com\/en\/wp-json\/wp\/v2\/users\/1"}],"replies":[{"embeddable":true,"href":"https:\/\/ingenieriaysolucionesmx.com\/en\/wp-json\/wp\/v2\/comments?post=120"}],"version-history":[{"count":13,"href":"https:\/\/ingenieriaysolucionesmx.com\/en\/wp-json\/wp\/v2\/pages\/120\/revisions"}],"predecessor-version":[{"id":1355,"href":"https:\/\/ingenieriaysolucionesmx.com\/en\/wp-json\/wp\/v2\/pages\/120\/revisions\/1355"}],"wp:attachment":[{"href":"https:\/\/ingenieriaysolucionesmx.com\/en\/wp-json\/wp\/v2\/media?parent=120"}],"curies":[{"name":"wp","href":"https:\/\/api.w.org\/{rel}","templated":true}]}}