{"id":1360,"date":"2023-10-21T02:28:12","date_gmt":"2023-10-21T02:28:12","guid":{"rendered":"https:\/\/ingenieriaysolucionesmx.com\/?post_type=product&#038;p=1360"},"modified":"2026-03-13T03:12:28","modified_gmt":"2026-03-13T03:12:28","slug":"productos-solo-visibles-a-clientes-registrados","status":"publish","type":"product","link":"https:\/\/ingenieriaysolucionesmx.com\/en\/product\/productos-solo-visibles-a-clientes-registrados\/","title":{"rendered":"Products only visible to registered customers"},"content":{"rendered":"<p>Lo lamentamos solo los clientes que est\u00e9n registrados y que ya iniciaron sesi\u00f3n podr\u00e1n comprar productos<\/p>","protected":false},"excerpt":{"rendered":"<p>Lo lamentamos solo los clientes que est\u00e9n registrados y que ya iniciaron sesi\u00f3n podr\u00e1n comprar productos<\/p>","protected":false},"featured_media":10,"comment_status":"open","ping_status":"closed","template":"","meta":{"om_disable_all_campaigns":false,"_uag_custom_page_level_css":"","_monsterinsights_skip_tracking":false,"_monsterinsights_sitenote_active":false,"_monsterinsights_sitenote_note":"","_monsterinsights_sitenote_category":0,"site-sidebar-layout":"default","site-content-layout":"","ast-site-content-layout":"default","site-content-style":"default","site-sidebar-style":"default","ast-global-header-display":"","ast-banner-title-visibility":"","ast-main-header-display":"","ast-hfb-above-header-display":"","ast-hfb-below-header-display":"","ast-hfb-mobile-header-display":"","site-post-title":"","ast-breadcrumbs-content":"","ast-featured-img":"","footer-sml-layout":"","theme-transparent-header-meta":"default","adv-header-id-meta":"","stick-header-meta":"","header-above-stick-meta":"","header-main-stick-meta":"","header-below-stick-meta":"","astra-migrate-meta-layouts":"set","ast-page-background-enabled":"default","ast-page-background-meta":{"desktop":{"background-color":"","background-image":"","background-repeat":"repeat","background-position":"center center","background-size":"auto","background-attachment":"scroll","background-type":"","background-media":"","overlay-type":"","overlay-color":"","overlay-gradient":""},"tablet":{"background-color":"","background-image":"","background-repeat":"repeat","background-position":"center center","background-size":"auto","background-attachment":"scroll","background-type":"","background-media":"","overlay-type":"","overlay-color":"","overlay-gradient":""},"mobile":{"background-color":"","background-image":"","background-repeat":"repeat","background-position":"center center","background-size":"auto","background-attachment":"scroll","background-type":"","background-media":"","overlay-type":"","overlay-color":"","overlay-gradient":""}},"ast-content-background-meta":{"desktop":{"background-color":"var(--ast-global-color-5)","background-image":"","background-repeat":"repeat","background-position":"center center","background-size":"auto","background-attachment":"scroll","background-type":"","background-media":"","overlay-type":"","overlay-color":"","overlay-gradient":""},"tablet":{"background-color":"var(--ast-global-color-5)","background-image":"","background-repeat":"repeat","background-position":"center center","background-size":"auto","background-attachment":"scroll","background-type":"","background-media":"","overlay-type":"","overlay-color":"","overlay-gradient":""},"mobile":{"background-color":"var(--ast-global-color-5)","background-image":"","background-repeat":"repeat","background-position":"center center","background-size":"auto","background-attachment":"scroll","background-type":"","background-media":"","overlay-type":"","overlay-color":"","overlay-gradient":""}}},"product_brand":[],"product_cat":[15],"product_tag":[],"class_list":{"0":"post-1360","1":"product","2":"type-product","3":"status-publish","4":"has-post-thumbnail","6":"product_cat-sin-categorizar","7":"desktop-align-left","8":"tablet-align-left","9":"mobile-align-left","11":"first","12":"instock","13":"featured","14":"taxable","15":"shipping-taxable","16":"product-type-simple"},"aioseo_notices":[],"uagb_featured_image_src":{"full":["https:\/\/ingenieriaysolucionesmx.com\/wp-content\/uploads\/2023\/10\/Solo-Logo-3.png",2000,2000,false],"thumbnail":["https:\/\/ingenieriaysolucionesmx.com\/wp-content\/uploads\/2023\/10\/Solo-Logo-3-150x150.png",150,150,true],"medium":["https:\/\/ingenieriaysolucionesmx.com\/wp-content\/uploads\/2023\/10\/Solo-Logo-3-300x300.png",300,300,true],"medium_large":["https:\/\/ingenieriaysolucionesmx.com\/wp-content\/uploads\/2023\/10\/Solo-Logo-3-768x768.png",768,768,true],"large":["https:\/\/ingenieriaysolucionesmx.com\/wp-content\/uploads\/2023\/10\/Solo-Logo-3-1024x1024.png",1024,1024,true],"1536x1536":["https:\/\/ingenieriaysolucionesmx.com\/wp-content\/uploads\/2023\/10\/Solo-Logo-3-1536x1536.png",1536,1536,true],"2048x2048":["https:\/\/ingenieriaysolucionesmx.com\/wp-content\/uploads\/2023\/10\/Solo-Logo-3.png",2000,2000,false],"trp-custom-language-flag":["https:\/\/ingenieriaysolucionesmx.com\/wp-content\/uploads\/2023\/10\/Solo-Logo-3-12x12.png",12,12,true],"mailpoet_newsletter_max":["https:\/\/ingenieriaysolucionesmx.com\/wp-content\/uploads\/2023\/10\/Solo-Logo-3-1320x1320.png",1320,1320,true],"woocommerce_thumbnail":["https:\/\/ingenieriaysolucionesmx.com\/wp-content\/uploads\/2023\/10\/Solo-Logo-3-300x300.png",300,300,true],"woocommerce_single":["https:\/\/ingenieriaysolucionesmx.com\/wp-content\/uploads\/2023\/10\/Solo-Logo-3-600x600.png",600,600,true],"woocommerce_gallery_thumbnail":["https:\/\/ingenieriaysolucionesmx.com\/wp-content\/uploads\/2023\/10\/Solo-Logo-3-100x100.png",100,100,true],"dgwt-wcas-product-suggestion":["https:\/\/ingenieriaysolucionesmx.com\/wp-content\/uploads\/2023\/10\/Solo-Logo-3-64x64.png",64,64,true]},"uagb_author_info":{"display_name":"OscarOnline","author_link":"https:\/\/ingenieriaysolucionesmx.com\/en\/author\/"},"uagb_comment_info":20,"uagb_excerpt":"Lo lamentamos solo los clientes que est\u00e9n registrados y que ya iniciaron sesi\u00f3n podr\u00e1n comprar productos","_links":{"self":[{"href":"https:\/\/ingenieriaysolucionesmx.com\/en\/wp-json\/wp\/v2\/product\/1360","targetHints":{"allow":["GET"]}}],"collection":[{"href":"https:\/\/ingenieriaysolucionesmx.com\/en\/wp-json\/wp\/v2\/product"}],"about":[{"href":"https:\/\/ingenieriaysolucionesmx.com\/en\/wp-json\/wp\/v2\/types\/product"}],"replies":[{"embeddable":true,"href":"https:\/\/ingenieriaysolucionesmx.com\/en\/wp-json\/wp\/v2\/comments?post=1360"}],"wp:featuredmedia":[{"embeddable":true,"href":"https:\/\/ingenieriaysolucionesmx.com\/en\/wp-json\/wp\/v2\/media\/10"}],"wp:attachment":[{"href":"https:\/\/ingenieriaysolucionesmx.com\/en\/wp-json\/wp\/v2\/media?parent=1360"}],"wp:term":[{"taxonomy":"product_brand","embeddable":true,"href":"https:\/\/ingenieriaysolucionesmx.com\/en\/wp-json\/wp\/v2\/product_brand?post=1360"},{"taxonomy":"product_cat","embeddable":true,"href":"https:\/\/ingenieriaysolucionesmx.com\/en\/wp-json\/wp\/v2\/product_cat?post=1360"},{"taxonomy":"product_tag","embeddable":true,"href":"https:\/\/ingenieriaysolucionesmx.com\/en\/wp-json\/wp\/v2\/product_tag?post=1360"}],"curies":[{"name":"wp","href":"https:\/\/api.w.org\/{rel}","templated":true}]}}